{"id":91,"date":"2023-11-01T13:03:56","date_gmt":"2023-11-01T13:03:56","guid":{"rendered":"https:\/\/zionguesthouse.com\/?page_id=91"},"modified":"2023-11-03T20:40:19","modified_gmt":"2023-11-03T20:40:19","slug":"diversos","status":"publish","type":"page","link":"https:\/\/zionguesthouse.com\/index.php\/diversos\/","title":{"rendered":"Diversos"},"content":{"rendered":"\n<p>Zion guest house \u00e9 um estabelecimento de hospedagem. Os h\u00f3spedes podem pernoitar num dos tr\u00eas quartos dispon\u00edveis no andar superior. Uma suite, um quarto twin e um quarto com cama de casal. A casa tem tr\u00eas casas de banho. Uma privada, na suite, e duas partilhadas. Tem \u00e1rea exterior adequada a refei\u00e7\u00f5es e piscina.<\/p>\n\n\n\n<p>O alojamento ter\u00e1 a dura\u00e7\u00e3o m\u00ednima de duas noites e as reservas poder\u00e3o ser realizadas atrav\u00e9s dos contactos.<\/p>\n\n\n\n<p>Situada a 2 km da praia, perto de um supermercado e de um restaurante, est\u00e1 a 30 minutos de Lisboa ou de Set\u00fabal, onde temos o Sado e os golfinhos, enquanto que por Lisboa, nada mais que o bul\u00edcio da grande metr\u00f3pole, bem longe da pacatez do vizinho campo de golfe e do seu club house a 1 km da moradia.&nbsp;<\/p>\n\n\n\n<p>J\u00e1 para quem gosta de mar, temos as ondas e o vento ! Surf, windsurf, kitesurf, todos acontecem aqui bem perto. As arribas pr\u00f3ximas tamb\u00e9m proporcionam um belo espect\u00e1culo uma vez que s\u00e3o porto de largada de diversos parapentes, e temos ainda outras actividades como o todo o terreno, a p\u00e9, de carro ou de mota.&nbsp;<\/p>\n\n\n\n<p>Perto temos tamb\u00e9m a possibilidade de fazer uma prova de vinhos e trazer um dos belos queijos regionais, em Azeit\u00e3o, ou ir ver o <a href=\"https:\/\/www.foriente.pt\/a-fundacao\/convento-arrabida\">Convento da Arr\u00e1bida<\/a> e passear pela <a href=\"https:\/\/www.visitportugal.com\/pt-pt\/content\/parque-natural-da-arrabida\">Serra<\/a> com o mesmo nome.<\/p>\n\n\n\n<p><\/p>\n\n\n\n<p>Zion guest house is a lodging establishment. Guests can stay overnight in one of the three rooms available on the upper floor. A suite, a twin room and a room with a double bed. The house has three bathrooms. One private, in the suite, and two shared. It has an outdoor area suitable for dining and a swimming pool.<\/p>\n\n\n\n<p>Accommodation will last a minimum of two nights and reservations can be made via contacts.<\/p>\n\n\n\n<p>Located 2 km from the beach, close to a supermarket and a restaurant, it is 30 minutes from Lisbon or Set\u00fabal, where we have the Sado and the dolphins, while in Lisbon, nothing more than the hustle and bustle of the great metropolis, far away from the peacefulness of the neighboring golf course and its club house, 1 km away.<\/p>\n\n\n\n<p>For those who like the sea, we have the waves and the wind! Surfing, windsurfing, kitesurfing, they all happen very close by. The nearby cliffs also provide a beautiful spectacle as they are the starting point for several paragliders, and we also have other activities such as off-road, on foot, by car or motorbike.<\/p>\n\n\n\n<p>Nearby we also have the possibility of doing a wine tasting and bringing one of the beautiful regional cheeses, in Azeit\u00e3o, or going to see the Convento da Arr\u00e1bida and strolling through the Serra with the same name.<\/p>\n\n\n\n<p><\/p>\n","protected":false},"excerpt":{"rendered":"<p>Zion guest house \u00e9 um estabelecimento de hospedagem. Os h\u00f3spedes podem pernoitar num dos tr\u00eas quartos dispon\u00edveis no andar superior. Uma suite, um quarto twin e um quarto com cama de casal. A casa tem tr\u00eas casas de banho. Uma privada, na suite, e duas partilhadas. Tem \u00e1rea exterior adequada a refei\u00e7\u00f5es e piscina. O [&hellip;]<\/p>\n","protected":false},"author":1,"featured_media":0,"parent":0,"menu_order":0,"comment_status":"closed","ping_status":"closed","template":"template-full-width-page.php","meta":{"footnotes":""},"class_list":["post-91","page","type-page","status-publish","hentry"],"jetpack_sharing_enabled":true,"_links":{"self":[{"href":"https:\/\/zionguesthouse.com\/index.php\/wp-json\/wp\/v2\/pages\/91","targetHints":{"allow":["GET"]}}],"collection":[{"href":"https:\/\/zionguesthouse.com\/index.php\/wp-json\/wp\/v2\/pages"}],"about":[{"href":"https:\/\/zionguesthouse.com\/index.php\/wp-json\/wp\/v2\/types\/page"}],"author":[{"embeddable":true,"href":"https:\/\/zionguesthouse.com\/index.php\/wp-json\/wp\/v2\/users\/1"}],"replies":[{"embeddable":true,"href":"https:\/\/zionguesthouse.com\/index.php\/wp-json\/wp\/v2\/comments?post=91"}],"version-history":[{"count":3,"href":"https:\/\/zionguesthouse.com\/index.php\/wp-json\/wp\/v2\/pages\/91\/revisions"}],"predecessor-version":[{"id":228,"href":"https:\/\/zionguesthouse.com\/index.php\/wp-json\/wp\/v2\/pages\/91\/revisions\/228"}],"wp:attachment":[{"href":"https:\/\/zionguesthouse.com\/index.php\/wp-json\/wp\/v2\/media?parent=91"}],"curies":[{"name":"wp","href":"https:\/\/api.w.org\/{rel}","templated":true}]}}