{"id":140,"date":"2023-11-02T08:10:22","date_gmt":"2023-11-02T08:10:22","guid":{"rendered":"https:\/\/zionguesthouse.com\/?page_id=140"},"modified":"2024-01-08T13:23:25","modified_gmt":"2024-01-08T13:23:25","slug":"home","status":"publish","type":"page","link":"https:\/\/zionguesthouse.com\/","title":{"rendered":"Home"},"content":{"rendered":"\n<figure class=\"wp-block-gallery has-nested-images columns-default is-cropped has-white-background-color has-background wp-block-gallery-1 is-layout-flex wp-block-gallery-is-layout-flex\">\n<figure class=\"wp-block-image size-large\"><img loading=\"lazy\" decoding=\"async\" width=\"1024\" height=\"682\" data-id=\"150\" src=\"https:\/\/zionguesthouse.com\/wp-content\/uploads\/2023\/11\/aroeiragolf-1024x682.jpg\" alt=\"\" class=\"wp-image-150\" srcset=\"https:\/\/zionguesthouse.com\/wp-content\/uploads\/2023\/11\/aroeiragolf-1024x682.jpg 1024w, https:\/\/zionguesthouse.com\/wp-content\/uploads\/2023\/11\/aroeiragolf-300x200.jpg 300w, https:\/\/zionguesthouse.com\/wp-content\/uploads\/2023\/11\/aroeiragolf-768x512.jpg 768w, https:\/\/zionguesthouse.com\/wp-content\/uploads\/2023\/11\/aroeiragolf-1200x800.jpg 1200w, https:\/\/zionguesthouse.com\/wp-content\/uploads\/2023\/11\/aroeiragolf-872x581.jpg 872w, https:\/\/zionguesthouse.com\/wp-content\/uploads\/2023\/11\/aroeiragolf-1320x880.jpg 1320w, https:\/\/zionguesthouse.com\/wp-content\/uploads\/2023\/11\/aroeiragolf-600x400.jpg 600w, https:\/\/zionguesthouse.com\/wp-content\/uploads\/2023\/11\/aroeiragolf.jpg 1400w\" sizes=\"auto, (max-width: 1024px) 100vw, 1024px\" \/><\/figure>\n\n\n\n<figure class=\"wp-block-image size-large\"><img loading=\"lazy\" decoding=\"async\" width=\"1024\" height=\"667\" data-id=\"154\" src=\"https:\/\/zionguesthouse.com\/wp-content\/uploads\/2023\/11\/aroeiragolf1-1024x667.jpg\" alt=\"\" class=\"wp-image-154\" srcset=\"https:\/\/zionguesthouse.com\/wp-content\/uploads\/2023\/11\/aroeiragolf1-1024x667.jpg 1024w, https:\/\/zionguesthouse.com\/wp-content\/uploads\/2023\/11\/aroeiragolf1-300x195.jpg 300w, https:\/\/zionguesthouse.com\/wp-content\/uploads\/2023\/11\/aroeiragolf1-768x500.jpg 768w, https:\/\/zionguesthouse.com\/wp-content\/uploads\/2023\/11\/aroeiragolf1-1200x782.jpg 1200w, https:\/\/zionguesthouse.com\/wp-content\/uploads\/2023\/11\/aroeiragolf1-872x568.jpg 872w, https:\/\/zionguesthouse.com\/wp-content\/uploads\/2023\/11\/aroeiragolf1-1320x860.jpg 1320w, https:\/\/zionguesthouse.com\/wp-content\/uploads\/2023\/11\/aroeiragolf1-600x391.jpg 600w, https:\/\/zionguesthouse.com\/wp-content\/uploads\/2023\/11\/aroeiragolf1.jpg 1400w\" sizes=\"auto, (max-width: 1024px) 100vw, 1024px\" \/><\/figure>\n\n\n\n<figure class=\"wp-block-image size-large\"><img loading=\"lazy\" decoding=\"async\" width=\"1024\" height=\"683\" data-id=\"152\" src=\"https:\/\/zionguesthouse.com\/wp-content\/uploads\/2023\/11\/aroeiragolf2.jpg\" alt=\"\" class=\"wp-image-152\" srcset=\"https:\/\/zionguesthouse.com\/wp-content\/uploads\/2023\/11\/aroeiragolf2.jpg 1024w, https:\/\/zionguesthouse.com\/wp-content\/uploads\/2023\/11\/aroeiragolf2-300x200.jpg 300w, https:\/\/zionguesthouse.com\/wp-content\/uploads\/2023\/11\/aroeiragolf2-768x512.jpg 768w, https:\/\/zionguesthouse.com\/wp-content\/uploads\/2023\/11\/aroeiragolf2-872x582.jpg 872w, https:\/\/zionguesthouse.com\/wp-content\/uploads\/2023\/11\/aroeiragolf2-600x400.jpg 600w\" sizes=\"auto, (max-width: 1024px) 100vw, 1024px\" \/><\/figure>\n\n\n\n<figure class=\"wp-block-image size-large\"><img loading=\"lazy\" decoding=\"async\" width=\"1024\" height=\"768\" data-id=\"153\" src=\"https:\/\/zionguesthouse.com\/wp-content\/uploads\/2023\/11\/IMG_6727-1024x768.jpg\" alt=\"\" class=\"wp-image-153\" srcset=\"https:\/\/zionguesthouse.com\/wp-content\/uploads\/2023\/11\/IMG_6727-1024x768.jpg 1024w, https:\/\/zionguesthouse.com\/wp-content\/uploads\/2023\/11\/IMG_6727-300x225.jpg 300w, https:\/\/zionguesthouse.com\/wp-content\/uploads\/2023\/11\/IMG_6727-768x576.jpg 768w, https:\/\/zionguesthouse.com\/wp-content\/uploads\/2023\/11\/IMG_6727-1536x1152.jpg 1536w, https:\/\/zionguesthouse.com\/wp-content\/uploads\/2023\/11\/IMG_6727-1200x900.jpg 1200w, https:\/\/zionguesthouse.com\/wp-content\/uploads\/2023\/11\/IMG_6727-872x654.jpg 872w, https:\/\/zionguesthouse.com\/wp-content\/uploads\/2023\/11\/IMG_6727-480x360.jpg 480w, https:\/\/zionguesthouse.com\/wp-content\/uploads\/2023\/11\/IMG_6727-1320x990.jpg 1320w, https:\/\/zionguesthouse.com\/wp-content\/uploads\/2023\/11\/IMG_6727-600x450.jpg 600w, https:\/\/zionguesthouse.com\/wp-content\/uploads\/2023\/11\/IMG_6727.jpg 2048w\" sizes=\"auto, (max-width: 1024px) 100vw, 1024px\" \/><\/figure>\n\n\n\n<figure class=\"wp-block-image size-large\"><img loading=\"lazy\" decoding=\"async\" width=\"1024\" height=\"768\" data-id=\"151\" src=\"https:\/\/zionguesthouse.com\/wp-content\/uploads\/2023\/11\/IMG_6789-1024x768.jpg\" alt=\"\" class=\"wp-image-151\" srcset=\"https:\/\/zionguesthouse.com\/wp-content\/uploads\/2023\/11\/IMG_6789-1024x768.jpg 1024w, https:\/\/zionguesthouse.com\/wp-content\/uploads\/2023\/11\/IMG_6789-300x225.jpg 300w, https:\/\/zionguesthouse.com\/wp-content\/uploads\/2023\/11\/IMG_6789-768x576.jpg 768w, https:\/\/zionguesthouse.com\/wp-content\/uploads\/2023\/11\/IMG_6789-1536x1152.jpg 1536w, https:\/\/zionguesthouse.com\/wp-content\/uploads\/2023\/11\/IMG_6789-1200x900.jpg 1200w, https:\/\/zionguesthouse.com\/wp-content\/uploads\/2023\/11\/IMG_6789-872x654.jpg 872w, https:\/\/zionguesthouse.com\/wp-content\/uploads\/2023\/11\/IMG_6789-480x360.jpg 480w, https:\/\/zionguesthouse.com\/wp-content\/uploads\/2023\/11\/IMG_6789-1320x990.jpg 1320w, https:\/\/zionguesthouse.com\/wp-content\/uploads\/2023\/11\/IMG_6789-600x450.jpg 600w, https:\/\/zionguesthouse.com\/wp-content\/uploads\/2023\/11\/IMG_6789.jpg 2048w\" sizes=\"auto, (max-width: 1024px) 100vw, 1024px\" \/><\/figure>\n\n\n\n<figure class=\"wp-block-image size-large\"><img loading=\"lazy\" decoding=\"async\" width=\"1024\" height=\"768\" data-id=\"155\" src=\"https:\/\/zionguesthouse.com\/wp-content\/uploads\/2023\/11\/IMG_6877-1024x768.jpg\" alt=\"\" class=\"wp-image-155\" srcset=\"https:\/\/zionguesthouse.com\/wp-content\/uploads\/2023\/11\/IMG_6877-1024x768.jpg 1024w, https:\/\/zionguesthouse.com\/wp-content\/uploads\/2023\/11\/IMG_6877-300x225.jpg 300w, https:\/\/zionguesthouse.com\/wp-content\/uploads\/2023\/11\/IMG_6877-768x576.jpg 768w, https:\/\/zionguesthouse.com\/wp-content\/uploads\/2023\/11\/IMG_6877-1536x1152.jpg 1536w, https:\/\/zionguesthouse.com\/wp-content\/uploads\/2023\/11\/IMG_6877-2048x1536.jpg 2048w, https:\/\/zionguesthouse.com\/wp-content\/uploads\/2023\/11\/IMG_6877-1200x900.jpg 1200w, https:\/\/zionguesthouse.com\/wp-content\/uploads\/2023\/11\/IMG_6877-872x654.jpg 872w, https:\/\/zionguesthouse.com\/wp-content\/uploads\/2023\/11\/IMG_6877-480x360.jpg 480w, https:\/\/zionguesthouse.com\/wp-content\/uploads\/2023\/11\/IMG_6877-1320x990.jpg 1320w, https:\/\/zionguesthouse.com\/wp-content\/uploads\/2023\/11\/IMG_6877-600x450.jpg 600w\" sizes=\"auto, (max-width: 1024px) 100vw, 1024px\" \/><\/figure>\n\n\n\n<figure class=\"wp-block-image size-large\"><img loading=\"lazy\" decoding=\"async\" width=\"819\" height=\"1024\" data-id=\"156\" src=\"https:\/\/zionguesthouse.com\/wp-content\/uploads\/2023\/11\/IMG_6923-819x1024.jpg\" alt=\"\" class=\"wp-image-156\" srcset=\"https:\/\/zionguesthouse.com\/wp-content\/uploads\/2023\/11\/IMG_6923-819x1024.jpg 819w, https:\/\/zionguesthouse.com\/wp-content\/uploads\/2023\/11\/IMG_6923-240x300.jpg 240w, https:\/\/zionguesthouse.com\/wp-content\/uploads\/2023\/11\/IMG_6923-768x960.jpg 768w, https:\/\/zionguesthouse.com\/wp-content\/uploads\/2023\/11\/IMG_6923-872x1090.jpg 872w, https:\/\/zionguesthouse.com\/wp-content\/uploads\/2023\/11\/IMG_6923-600x750.jpg 600w, https:\/\/zionguesthouse.com\/wp-content\/uploads\/2023\/11\/IMG_6923.jpg 1080w\" sizes=\"auto, (max-width: 819px) 100vw, 819px\" \/><\/figure>\n\n\n<\/figure>\n\n\n\n<p class=\"has-very-light-gray-to-cyan-bluish-gray-gradient-background has-text-color has-background\" style=\"color:#7e8b97\">Zion guest house is a lodging establishment. Guests can stay overnight in one of the three rooms available on the upper floor. A suite, a twin room and a room with a double bed. The house has three bathrooms. One private, in the suite, and two shared. It has an outdoor area suitable for dining and a swimming pool.<\/p>\n\n\n\n<p class=\"has-very-light-gray-to-cyan-bluish-gray-gradient-background has-text-color has-background\" style=\"color:#778591\">Accommodation will last a minimum of two nights and reservations can be made via <a href=\"https:\/\/zionguesthouse.com\/index.php\/quartos-2\/\" data-type=\"page\" data-id=\"89\">rooms<\/a>.<\/p>\n\n\n\n<p class=\"has-very-light-gray-to-cyan-bluish-gray-gradient-background has-text-color has-background\" style=\"color:#737f8a\">Located 2 km from the beach, close to a supermarket and a restaurant, it is 30 minutes from Lisbon or Set\u00fabal, where we have the Sado and the dolphins, while in Lisbon, nothing more than the hustle and bustle of the great metropolis, far away from the peacefulness of the neighboring golf course and its club house, 1 km away.<\/p>\n\n\n\n<p class=\"has-very-light-gray-to-cyan-bluish-gray-gradient-background has-text-color has-background\" style=\"color:#7a8895\">For those who like the sea, we have the waves and the wind! Surfing, windsurfing, kitesurfing, they all happen very close by. The nearby cliffs also provide a beautiful spectacle as they are the starting point for several paragliders, and we also have other activities such as off-road, on foot, by car, bycicle or motorbike.<\/p>\n\n\n\n<p class=\"has-very-light-gray-to-cyan-bluish-gray-gradient-background has-text-color has-background\" style=\"color:#7f8e9b\">Nearby we also have the possibility of doing a wine tasting and bringing one of the beautifulor regional cheeses, in Azeit\u00e3o, or going to see the <a href=\"https:\/\/www.foriente.pt\/a-fundacao\/convento-arrabida\" data-type=\"link\" data-id=\"https:\/\/www.foriente.pt\/a-fundacao\/convento-arrabida\">Convento da Arr\u00e1bida<\/a> and strolling through the <a href=\"https:\/\/www.visitportugal.com\/pt-pt\/content\/parque-natural-da-arrabida\" data-type=\"link\" data-id=\"https:\/\/www.visitportugal.com\/pt-pt\/content\/parque-natural-da-arrabida\">Serra<\/a> with the same name.<\/p>\n\n\n\n<p class=\"has-very-light-gray-to-cyan-bluish-gray-gradient-background has-text-color has-background\" style=\"color:#607281\">Zion guest house \u00e9 um estabelecimento de hospedagem. Os h\u00f3spedes podem pernoitar num dos tr\u00eas quartos dispon\u00edveis no andar superior. Uma suite, um quarto twin e um quarto com cama de casal. A casa tem tr\u00eas casas de banho. Uma privada, na suite, e duas partilhadas. Tem \u00e1rea exterior adequada a refei\u00e7\u00f5es e piscina.<\/p>\n\n\n\n<p class=\"has-very-light-gray-to-cyan-bluish-gray-gradient-background has-text-color has-background\" style=\"color:#798691\">O alojamento ter\u00e1 a dura\u00e7\u00e3o m\u00ednima de duas noites e as reservas poder\u00e3o ser realizadas atrav\u00e9s da selec\u00e7\u00e3o dos <a href=\"https:\/\/zionguesthouse.com\/index.php\/quartos-2\/\" data-type=\"page\" data-id=\"89\">quartos<\/a>.<\/p>\n\n\n\n<p class=\"has-very-light-gray-to-cyan-bluish-gray-gradient-background has-text-color has-background\" style=\"color:#8798a6\">Situada a 2 km da praia, perto de um supermercado e de um restaurante, est\u00e1 a 30 minutos de Lisboa ou de Set\u00fabal, onde temos o Sado e os golfinhos, enquanto que por Lisboa, nada mais que o bul\u00edcio da grande metr\u00f3pole, bem longe da pacatez do vizinho campo de golfe e do seu club house a 1 km da moradia.&nbsp;<\/p>\n\n\n\n<p class=\"has-very-light-gray-to-cyan-bluish-gray-gradient-background has-text-color has-background\" style=\"color:#7d8d9b\">J\u00e1 para quem gosta de mar, temos as ondas e o vento ! Surf, windsurf, kitesurf, todos acontecem aqui bem perto. As arribas pr\u00f3ximas tamb\u00e9m proporcionam um belo espect\u00e1culo uma vez que s\u00e3o porto de largada de diversos parapentes, e temos ainda outras actividades como o todo o terreno, a p\u00e9, de bicicleta, de carro ou de mota.&nbsp;<\/p>\n\n\n\n<p class=\"has-very-light-gray-to-cyan-bluish-gray-gradient-background has-text-color has-background\" style=\"color:#808e9b\">Perto temos tamb\u00e9m a possibilidade de fazer uma prova de vinhos e trazer um dos belos queijos regionais, em Azeit\u00e3o, ou ir ver o <a href=\"https:\/\/www.foriente.pt\/a-fundacao\/convento-arrabida\">Convento da Arr\u00e1bida<\/a> e passear pela <a href=\"https:\/\/www.visitportugal.com\/pt-pt\/content\/parque-natural-da-arrabida\">Serra<\/a> com o mesmo nome.<\/p>\n\n\n\n<p><\/p>\n\n\n\n<div class=\"wp-block-jetpack-contact-info\">\n<div class=\"wp-block-jetpack-email\"><a href=\"mailto:zionguesthouse@hotmail.com\">zionguesthouse@hotmail.com<\/a><\/div>\n\n\n\n<div class=\"wp-block-jetpack-phone\"><a href=\"tel:+351965774246\">+351965774246<\/a><\/div>\n\n\n\n<div class=\"wp-block-jetpack-address\"><a href=\"https:\/\/www.google.com\/maps\/search\/Praceta+do mar 6,+Almada,+Set\u00fabal,+2820-112+Portugal\" target=\"_blank\" rel=\"noopener noreferrer\" title=\"Open address in Google Maps\"><div class=\"jetpack-address__address jetpack-address__address1\">Praceta do mar 6<\/div><div><span class=\"jetpack-address__city\">Almada<\/span>, <span class=\"jetpack-address__region\">Set\u00fabal<\/span> <span class=\"jetpack-address__postal\">2820-112<\/span><\/div><div class=\"jetpack-address__country\">Portugal<\/div><\/a><\/div>\n<\/div>\n\n\n\n<div class=\"wp-block-buttons is-content-justification-center is-layout-flex wp-container-core-buttons-is-layout-16018d1d wp-block-buttons-is-layout-flex\">\n<div class=\"wp-block-button\"><a class=\"wp-block-button__link wp-element-button\" href=\"https:\/\/zionguesthouse.com\/index.php\/quartos-2\/\"><strong>Rooms !<\/strong><\/a><\/div>\n<\/div>\n\n\n\n<p><\/p>\n\n\n\n<figure class=\"wp-block-image size-full is-resized\"><a href=\"https:\/\/www.livroreclamacoes.pt\/Inicio\/\"><img loading=\"lazy\" decoding=\"async\" width=\"332\" height=\"56\" src=\"https:\/\/zionguesthouse.com\/wp-content\/uploads\/2023\/11\/Captura-de-ecra-2023-10-12-221258.png\" alt=\"\" class=\"wp-image-365\" style=\"width:127px;height:auto\" srcset=\"https:\/\/zionguesthouse.com\/wp-content\/uploads\/2023\/11\/Captura-de-ecra-2023-10-12-221258.png 332w, https:\/\/zionguesthouse.com\/wp-content\/uploads\/2023\/11\/Captura-de-ecra-2023-10-12-221258-300x51.png 300w\" sizes=\"auto, (max-width: 332px) 100vw, 332px\" \/><\/a><\/figure>\n","protected":false},"excerpt":{"rendered":"<p>Zion guest house is a lodging establishment. Guests can stay overnight in one of the three rooms available on the upper floor. A suite, a twin room and a room with a double bed. The house has three bathrooms. One private, in the suite, and two shared. It has an outdoor area suitable for dining [&hellip;]<\/p>\n","protected":false},"author":1,"featured_media":13,"parent":0,"menu_order":0,"comment_status":"closed","ping_status":"closed","template":"template-full-width-page.php","meta":{"footnotes":""},"class_list":["post-140","page","type-page","status-publish","has-post-thumbnail","hentry"],"jetpack_sharing_enabled":true,"_links":{"self":[{"href":"https:\/\/zionguesthouse.com\/index.php\/wp-json\/wp\/v2\/pages\/140","targetHints":{"allow":["GET"]}}],"collection":[{"href":"https:\/\/zionguesthouse.com\/index.php\/wp-json\/wp\/v2\/pages"}],"about":[{"href":"https:\/\/zionguesthouse.com\/index.php\/wp-json\/wp\/v2\/types\/page"}],"author":[{"embeddable":true,"href":"https:\/\/zionguesthouse.com\/index.php\/wp-json\/wp\/v2\/users\/1"}],"replies":[{"embeddable":true,"href":"https:\/\/zionguesthouse.com\/index.php\/wp-json\/wp\/v2\/comments?post=140"}],"version-history":[{"count":21,"href":"https:\/\/zionguesthouse.com\/index.php\/wp-json\/wp\/v2\/pages\/140\/revisions"}],"predecessor-version":[{"id":377,"href":"https:\/\/zionguesthouse.com\/index.php\/wp-json\/wp\/v2\/pages\/140\/revisions\/377"}],"wp:featuredmedia":[{"embeddable":true,"href":"https:\/\/zionguesthouse.com\/index.php\/wp-json\/wp\/v2\/media\/13"}],"wp:attachment":[{"href":"https:\/\/zionguesthouse.com\/index.php\/wp-json\/wp\/v2\/media?parent=140"}],"curies":[{"name":"wp","href":"https:\/\/api.w.org\/{rel}","templated":true}]}}